{"id":1518,"date":"2021-08-10T18:51:53","date_gmt":"2021-08-10T20:51:53","guid":{"rendered":"https:\/\/vmajonezas.lt\/?page_id=1518"},"modified":"2022-06-05T14:56:49","modified_gmt":"2022-06-05T16:56:49","slug":"privatumo-politika","status":"publish","type":"page","link":"https:\/\/vmajonezas.lt\/en\/privatumo-politika\/","title":{"rendered":"Privatumo politika"},"content":{"rendered":"\n<h4>M\u016aS\u0172 \u012eSIPAREIGOJIMAS APSAUGOTI J\u016aS\u0172 PRIVATUM\u0104<\/h4>\n\n\n\n<p>Asmens privatumo apsaugai teikiama ypatingai didel\u0117 reik\u0161m\u0117, tod\u0117l svarbu, kad J\u016bs \u017einotum\u0117te kada ir kokie duomenys renkami, kaupiami, saugomi bei kaip panaudojami, kai apsilankote vmajonezas.lt svetain\u0117je arba kitaip pateikiate mums savo asmens duomenis.Esame \u012fmon\u0117 registruota Lietuvos Respublikoje Vilniuje pavadinimu UAB \u201eVilniaus majonezo gamykla\u201c, \u012fm. kod. 226003190, V. A. Grai\u010di\u016bno g. 2B, LT-02241 Vilnius. Tel. +370 5 2135834, el.pa\u0161tas: info@vmajonezas.lt, kuri yra J\u016bs\u0173 asmens duomen\u0173 valdytojas.\u0160ios asmens duomen\u0173 tvarkymo taisykl\u0117s yra taikomos visiems asmenims.&nbsp;Mes esame pasiry\u017e\u0119 apsaugoti j\u016bs\u0173 privatum\u0105.&nbsp;Naudodamiesi \u0161ia svetaine ar \/ ir m\u016bs\u0173 paslaugomis sutinkate tvarkyti savo asmens duomenis, kaip apra\u0161yta \u0161ioje privatumo politikoje.<\/p>\n\n\n\n<h4>TURINYS<\/h4>\n\n\n\n<ol><li><a href=\"https:\/\/vmajonezas.lt\/privatumo-politika\/#gdpr-definitions\">\u0160ioje privatumo politikoje vartojamos s\u0105vokos<\/a><\/li><li><a href=\"https:\/\/vmajonezas.lt\/privatumo-politika\/#gdpr-principles\">Duomen\u0173 apsaugos principai<\/a><\/li><li><a href=\"https:\/\/vmajonezas.lt\/privatumo-politika\/#gdpr-rights\">Duomen\u0173 subjekto teis\u0117s<\/a><\/li><li><a href=\"https:\/\/vmajonezas.lt\/privatumo-politika\/#gdpr-information\">Kokius asmens duomenis mes renkame apie Jus<\/a><\/li><li><a href=\"https:\/\/vmajonezas.lt\/privatumo-politika\/#gdpr-processing\">Kaip mes naudojame J\u016bs\u0173 asmens duomenis<\/a><\/li><li><a href=\"https:\/\/vmajonezas.lt\/privatumo-politika\/#gdpr-sharing\">Kam gali b\u016bti atskleid\u017eiami J\u016bs\u0173 duomenys<\/a><\/li><li><a href=\"https:\/\/vmajonezas.lt\/privatumo-politika\/#gdpr-securityuomenis\">Kaip mes saugome J\u016bs\u0173 duomenis<\/a><\/li><li><a href=\"https:\/\/vmajonezas.lt\/privatumo-politika\/#gdpr-cookies\">Informacija apie slapukus<\/a><\/li><li><a href=\"https:\/\/vmajonezas.lt\/privatumo-politika\/#gdpr-contact\">Kontaktin\u0117 informacija<\/a><\/li><\/ol>\n\n\n\n<h3 id=\"gdpr-definitions\">S\u0104VOKOS<\/h3>\n\n\n\n<p><strong>Asmens duomenys<\/strong>&nbsp;\u2013 bet kokia informacija, susijusi su identifikuotu ar identifikuojamu fiziniu asmeniu.<br><strong>Apdorojimas<\/strong>&nbsp;\u2013 bet kokia operacija ar operacij\u0173 rinkinys, atliekamas, naudojant Asmens duomenis arba Asmens duomen\u0173 rinkinius.<br><strong>Duomen\u0173 subjektas<\/strong>&nbsp;\u2013 fizinis asmuo, kurio asmens duomenys yra tvarkomi.<br><strong>Mes<\/strong>&nbsp;(did\u017eiosiomis raid\u0117mis, ar ne)&nbsp;\u2013 UAB \u201eVilniaus majonezo gamykla\u201d.<\/p>\n\n\n\n<h3 id=\"gdpr-principles\">DUOMEN\u0172 APSAUGOS PRINCIPAI<\/h3>\n\n\n\n<p>Mes \u017eadame laikytis \u0161i\u0173 duomen\u0173 apsaugos princip\u0173:<\/p>\n\n\n\n<ul><li>Apdorojimas yra teis\u0117tas, teisingas ir skaidrus. Prie\u0161 apdorojant asmens duomenis, visada atsi\u017evelgiame \u012f j\u016bs\u0173 teises. Mes suteiksime jums informacij\u0105 apie duomen\u0173 apdorojim\u0105 pagal pra\u0161ym\u0105.<\/li><li>Apdorojimas ribojamas tikslu. M\u016bs\u0173 veikla atitinka tiksl\u0105, d\u0117l kurio renkami Asmens duomenys.<\/li><li>Mes renkame ir tvarkome tik minimal\u0173 asmens duomen\u0173 kiek\u012f, b\u016btin\u0105 m\u016bs\u0173 veiklos tikslui \u012fgyvendinti.<\/li><li>Apdorojimas ribojamas laikotarpiu. J\u016bs\u0173 asmens duomenys nebus saugomi ilgiau, nei reikia.<\/li><li>Mes stengsim\u0117s u\u017etikrinti duomen\u0173 tikslum\u0105.<\/li><li>Mes padarysime visk\u0105, kad u\u017etikrintume duomen\u0173 vientisum\u0105 ir konfidencialum\u0105.<\/li><\/ul>\n\n\n\n<h3 id=\"gdpr-rights\">DUOMEN\u0172 SUBJEKTO TEIS\u0116S<\/h3>\n\n\n\n<p>Duomen\u0173 subjektas turi \u0161ias teises:<\/p>\n\n\n\n<ol><li>Teis\u0117 \u012f informacij\u0105 \u2013 turite teis\u0119 su\u017einoti, kokius J\u016bs\u0173 asmens duomenis esame sukaup\u0119, i\u0161 kur jie gauti, kod\u0117l ir kokiu tikslu yra tvarkomi.<\/li><li>Teis\u0117 \u012f prieig\u0105 \u2013 turite teis\u0119 naudotis duomenimis, surinktais i\u0161 j\u016bs\u0173\/apie jus, \u012fskaitant J\u016bs\u0173 teis\u0119 pra\u0161yti ir gauti surinkt\u0173 asmenini\u0173 duomen\u0173 kopij\u0105.<\/li><li>Teis\u0117 \u012f i\u0161taisym\u0105 \u2013 turite teis\u0119 pra\u0161yti i\u0161taisyti neteisingus, nei\u0161samius ir netikslius duomenis.<\/li><li>Teis\u0117 i\u0161trinti \u2013 turite teis\u0119 pra\u0161yti i\u0161trinti sukauptus asmens duomenis apie Jus.<\/li><li>Teis\u0117 apriboti apdorojim\u0105 \u2013 turite teis\u0119 pra\u0161yti apriboti J\u016bs\u0173 asmenini\u0173 duomen\u0173 tvarkym\u0105.<\/li><li>Teis\u0117 prie\u0161tarauti apdorojimui \u2013 turite teis\u0119 pra\u0161yti nustoti apdoroti sukauptus J\u016bs\u0173 asmens duomenis.<\/li><li>Teis\u0117 pateikti skund\u0105 \u2013 susisiekite su mumis el. pa\u0161to adresu info@vmajonezas.lt, jei manote, kad J\u016bs\u0173 teis\u0117s d\u0117l asmens duomen\u0173 tvarkymo ir saugojimo buvo pa\u017eeistos.<\/li><li>Teis\u0117 gauti prie\u017ei\u016bros institucijos pagalb\u0105 \u2013 &nbsp;turite teis\u0119 gauti Lietuvos Respublikos Valstybin\u0117s duomen\u0173 apsaugos inspekcijos pagalb\u0105 arba pateikti skund\u0105 nurodytai institucijai.<\/li><li>Teis\u0117 atsisakyti sutikimo \u2013 turite teis\u0119 at\u0161aukti bet kok\u012f sutikim\u0105 tvarkyti j\u016bs\u0173 asmeninius duomenis.<\/li><\/ol>\n\n\n\n<p>Jei norite gauti informacij\u0105 apie surinktus J\u016bs\u0173 asmens duomenis ar kreiptis d\u0117l neteising\u0173, nei\u0161sami\u0173 ar netiksli\u0173 duomen\u0173 tvarkymo ir pra\u0161yti i\u0161taisyti ar i\u0161trinti, si\u0173skite mums u\u017eklaus\u0105 el. pa\u0161to adresu: info@vmajonezas.lt lai\u0161ko antra\u0161t\u0117je nurodydami \u201cU\u017eklausa d\u0117l asmens duomen\u0173 tvarkymo\u201d.<\/p>\n\n\n\n<p>Mes galime papra\u0161yti patvirtinti asmens tapatyb\u0119 patvirtinan\u010dio dokumento, leid\u017eian\u010dio tinkamai identifikuoti Jus. Jums patvirtinus tapatyb\u0119, informacija apie j\u016bs\u0173 tvarkomus duomenis pateikiama per 30 kalendorini\u0173 dien\u0173 nuo pra\u0161ymo ra\u0161tu pateikimo dienos.<\/p>\n\n\n\n<p>Informacija pateikiama nemokamai. Jei nustatytume, kad pra\u0161ymai yra akivaizd\u017eiai nepagr\u012fsti arba neproporcingi, vis\u0173 pirma d\u0117l j\u0173 pasikartojan\u010dio turinio, mes galime imti pagr\u012fst\u0105 mokest\u012f, atsi\u017evelgdami \u012f informacijos teikimo arba prane\u0161im\u0173 ar veiksm\u0173, kuri\u0173 pra\u0161oma, administracines i\u0161laidas, arba atsisakyti imtis veiksm\u0173 pagal pra\u0161ym\u0105.<\/p>\n\n\n\n<h3 id=\"gdpr-information\">DUOMENYS, KURIUOS RENKAME APIE JUS<\/h3>\n\n\n\n<p>Kai J\u016bs apsilankote m\u016bs\u0173 svetain\u0117je arba kreipiat\u0117s \u012f mus, pra\u0161ydami suteikti informacij\u0105 arba suteikiate mums leidim\u0105 J\u016bs\u0173 pateiktus duomenis naudoti, pa\u017eym\u0117dami atitinkam\u0105 pasirinkim\u0105, mes renkame:<\/p>\n\n\n\n<ul><li>J\u016bs\u0173 vard\u0105\/pavard\u0119, telefono numer\u012f, elektroninio pa\u0161to adres\u0105;<\/li><li>IP adres\u0105, aplankytojo puslapio adres\u0105, ankstesnio puslapio adres\u0105, dat\u0105 ir laik\u0105, nar\u0161ykl\u0117s tip\u0105 ir versij\u0105;<\/li><li>gaut\u0173 bei i\u0161si\u0173st\u0173 prane\u0161im\u0173 turin\u012f, susira\u0161in\u0117jim\u0173 istorij\u0105;<\/li><li>kai ateinate \u012f vmajonezas.lt svetain\u0119 i\u0161 tre\u010di\u0173j\u0173 \u0161ali\u0173 puslapi\u0173, naujienlai\u0161ki\u0173, paspaudus reklaminius skydelius, mes fiksuojame i\u0161 kokio \u0161altinio lankytojas at\u0117jo, reklamin\u0117s kampanijos pavadinim\u0105 ir jos pozicij\u0105.<\/li><\/ul>\n\n\n\n<h3 id=\"gdpr-processing\">KAIP MES NAUDOJAME J\u016aS\u0172 ASMENINIUS DUOMENIS<\/h3>\n\n\n\n<p>Mes renkame, tvarkome bei saugome J\u016bs\u0173 asmens duomenis tik remdamiesi asmens&nbsp;duomen\u0173 apsaug\u0105 reglamentuojan\u010diuose teis\u0117s aktuose apibr\u0117\u017etais teis\u0117tais pagrindais,&nbsp;siekiant naudoti pateiktus duomenis J\u016bs\u0173&nbsp;sutikimu tam, kad:<\/p>\n\n\n\n<ul><li>pagerinti J\u016bs\u0173 aptarnavim\u0105 ir patirt\u012f, lankantis m\u016bs\u0173 svetain\u0117je ar naudojantis jos paslaugomis, tobulinti svetain\u0119;<\/li><li>administruoti ir analizuoti m\u016bs\u0173 klient\u0173 nuomones, siekiant pagerinti si\u016blom\u0173 produkt\u0173 kokyb\u0119, \u012fvairov\u0119 ir prieinamum\u0105;<\/li><li>susisiekti su Jumis el. pa\u0161tu ar mobiliuoju ry\u0161iu, konsultuoti ir spr\u0119sti problemas;<\/li><li>jei pa\u017eym\u0117jote atitinkamus pasirinkimus (sutikimus), informuoti Jus apie i\u0161skirtines akcijas ar nuolaidas, pateikti pana\u0161ius pasi\u016blymus el. pa\u0161tu ar\/ir trumpaja \u017einute; &nbsp;J\u016bs galite atsiimti \u0161\u012f sutikim\u0105 bet kuriuo metu.<\/li><\/ul>\n\n\n\n<h3 id=\"gdpr-sharing\">KAM ATSKLEID\u017dIAMI J\u016aS\u0172 DUOMENYS?<\/h3>\n\n\n\n<p>Mes neatskleisime joki\u0173 J\u016bs\u0173 asmenini\u0173 duomen\u0173, i\u0161skyrus susijusioms \u012fmon\u0117ms bei verslo partneriams, be kuri\u0173 negali b\u016bti skland\u017eiai teikiamos m\u016bs\u0173 paslaugos Jums. Tokiu atveju mes siekiame, kad ir kiti asmenys, kuriems gali b\u016bti teikiami asmens duomenys, taikyt\u0173 tinkamas organizacines ir technines priemones, skirtas gautiems asmens duomenims apsaugoti nuo bet kokio neteis\u0117to tvarkymo.<\/p>\n\n\n\n<p>Kadangi vertiname j\u016bs\u0173 privatum\u0105, mes \u0117m\u0117m\u0117s vis\u0173 b\u016btin\u0173 atsargumo priemoni\u0173, atitinkan\u010di\u0173 ES bendr\u0105j\u012f duomen\u0173 apsaugos reglament\u0105, kad J\u016bs\u0173 asmens duomenys neb\u016bt\u0173 perduodami tre\u010diosioms \u0161alims be j\u016bs\u0173 sutikimo. Be sutikimo duomenys gal\u0117t\u0173 b\u016bti perduoti tik atsakant \u012f teismo arba valstyb\u0117s institucij\u0173 pra\u0161ymus ir tik ta apimtimi, kiek tai b\u016btina siekiant tinkamai vykdyti galiojan\u010dius teis\u0117s aktus arba teismo nutart\u012f\/ liudijim\u0105.<\/p>\n\n\n\n<h3 id=\"gdpr-security\">KAIP MES SAUGOME J\u016aS\u0172 DUOMENIS?<\/h3>\n\n\n\n<p>U\u017etikriname, kad visi J\u016bs\u0173 duomenys renkami, tvarkomi ir saugomi pagal Lietuvos Respublikos asmens duomen\u0173 apsaugos \u012fstatyme numatytus reikalavimus bei kitus tiesiogiai taikomus Lietuvos Respublikoje asmens duomen\u0173 apsaug\u0105 reglamentuojan\u010dius Europos S\u0105jungos &nbsp;teis\u0117s aktus, taikant reikiamas organizacines ir technines priemones skirtas apsaugoti J\u016bs\u0173 duomenis nuo atsitiktinio ar neteis\u0117to atskleidimo, sunaikinimo, pakeitimo, taip pat nuo neteis\u0117to tvarkymo veiksm\u0173.<\/p>\n\n\n\n<p>Mes darome visk\u0105, kad j\u016bs\u0173 asmeniniai duomenys b\u016bt\u0173 saug\u016bs, naudodami saugius protokolus bendravimui ir duomen\u0173 perdavimui.<\/p>\n\n\n\n<h3>NEPILNAME\u010cI\u0172 ASMEN\u0172 DUOMEN\u0172 APSAUGA<\/h3>\n\n\n\n<p>Jei esate jaunesni nei 18 m. am\u017eiaus, netur\u0117tum\u0117te pateikti savo asmens duomen\u0173 be t\u0117v\u0173 ar glob\u0117j\u0173 sutikimo.<\/p>\n\n\n\n<p>Jei esate t\u0117vai\/glob\u0117jai ir su\u017einojote, kad j\u016bs\u0173 nepilnametis vaikas, jaunesnis nei 18 m., naudoja m\u016bs\u0173 svetain\u0119, o j\u016bs nenorite to, susisiekite el. pa\u0161tu info@vmajonezas.lt ir mes pa\u0161alinsime visus susijusius duomenis kiek \u012fmanoma grei\u010diau.<\/p>\n\n\n\n<h3 id=\"gdpr-cookies\">KAIP NAUDOJAME SLAPUKUS IR INTERNETINIO STEB\u0116JIMO PROGRAMAS<\/h3>\n\n\n\n<p>Siekdami, kad J\u016bs\u0173 apsilankymai vmajonezas.lt svetain\u0117je b\u016bt\u0173 patogesni bei tobulinti savo teikiam\u0173 paslaug\u0173 kokyb\u0119 , &nbsp;naudojame slapukus (angl. cookies) \u2013 nedideles tekstines informacijos daleles, kurios automati\u0161kai sukuriamos nar\u0161ant svetain\u0117je ir yra saugomos J\u016bs\u0173 kompiuteryje ar kitame galiniame \u012frenginyje, arba &nbsp;pvz.\u201d Google Analytics\u201c tinklalapio analiz\u0117s paslaug\u0105, marketingo ir optimizacijos tikslais, kuri\u0105 teikia Google Inc. (Google).<br>J\u016bs galite pasirinkti, ar norite priimti slapukus. Jeigu nesutinkate, kad \u012f J\u016bs\u0173 kompiuter\u012f ar \u012f kit\u0105 galin\u012f \u012frengin\u012f b\u016bt\u0173 \u012fra\u0161omi slapukai, galite pakeisti savo interneto nar\u0161ykl\u0117s nustatymus ir i\u0161jungti visus slapukus arba \u012fjungti \/ i\u0161jungti juos po vien\u0105, o dauguma nar\u0161ykli\u0173 nustatyti taip (pvz., naudoti nar\u0161ykl\u0117s anonimin\u012f nustatym\u0105 vadinam\u0105 \u201cInkognito\u201d \u201cChrome\u201d, \u201cInPrivate\u201d \u201cInternet Explorer\u201d, \u201cPrivatus nar\u0161ymas\u201d \u201cFirefox\u201d ir \u201cSafari\u201d ir t.t.)&nbsp;slapukai neb\u016bt\u0173 \u012fra\u0161omi J\u016bs\u0173 \u012frenginyje. Ta\u010diau atkreipiame d\u0117mes\u012f, kad kai kuriais atvejais tai gali sul\u0117tinti nar\u0161ymo internete spart\u0105, apriboti svetain\u0117s funkcij\u0173 veikim\u0105 arba blokuoti prieig\u0105 prie svetain\u0117s.<\/p>\n\n\n\n<p>M\u016bs\u0173 svetain\u0117je naudojama \u012fvairi\u0173 r\u016b\u0161i\u0173 slapuk\u0173 ir pana\u0161i\u0173 technologij\u0173, kuri\u0173 kiekvienas turi specifin\u0119 funkcij\u0105:<\/p>\n\n\n\n<h4>Navigacijos slapukai<\/h4>\n\n\n\n<p>\u0160ie slapukai yra b\u016btini tam, kad gal\u0117tum\u0117te nar\u0161yti interneto svetain\u0119 ir naudotis jos funkcijomis, tokiomis kaip prieiga prie saugi\u0173 interneto svetain\u0117s sri\u010di\u0173.<\/p>\n\n\n\n<h4>Funkciniai slapukai<\/h4>\n\n\n\n<p>\u0160ie slapukai leid\u017eia interneto svetainei \u012fsiminti j\u016bs\u0173 pasirinktus dalykus (tokius, kaip j\u016bs\u0173 prisijungimo duomenys) ir pasi\u016blyti patobulintas, jums asmeni\u0161kai pritaikytas funkcijas.<br>Funkciniai slapukai n\u0117ra b\u016btini interneto svetain\u0117je, ta\u010diau pagerina navigacijos kokyb\u0119 ir vartotoj\u0173 patirt\u012f.<\/p>\n\n\n\n<h4>Analitiniai slapukai<\/h4>\n\n\n\n<p>\u0160ie slapukai naudojami m\u016bs\u0173 svetain\u0117s lankytoj\u0173 navigacijos metod\u0173 statistinei analizei parengti. Mes \u0161i\u0173 slapuk\u0173 gautus rezultatus naudojame anonimi\u0161kai ir i\u0161skirtiniai tik statistikos tikslams. Svetain\u0117 naudoja tam tikr\u0173 tre\u010di\u0173j\u0173 \u0161ali\u0173 paslaugas, kurios nepriklausomai, \u012fdiegia savo slapukus.<\/p>\n\n\n\n<h4>Tiksliniai arba reklaminiai slapukai<\/h4>\n\n\n\n<p>\u0160ie slapukai naudojami norint parodyti prekes, kurios gal\u0117t\u0173 dominti jus ar pasi\u016blyti pana\u0161ias, kurias jau \u017ei\u016br\u0117jote.<br>Tre\u010diosios \u0161alies slapukai yra tie, kurie buvo i\u0161si\u0173sti m\u016bs\u0173 patikim\u0173 tre\u010di\u0173j\u0173 \u0161ali\u0173 \u012fmoni\u0173. \u0160ie slapukai kitose svetain\u0117se leid\u017eia jums matyti reklaminius skydelius su per\u017ei\u016br\u0117tomis prek\u0117mis arba kitais aktualiais pasi\u016blymais. Mes neturime pri\u0117jimo prie tre\u010di\u0173j\u0173 \u0161ali\u0173 slapuk\u0173 informacijos ir informacija yra visi\u0161kai j\u0173 kontroliuojama.<\/p>\n\n\n\n<h4>Socialini\u0173 tinkl\u0173 slapukai<\/h4>\n\n\n\n<p>\u0160ie slapukai yra b\u016btini, norint savo socialinio profilio paskyroje naudoti vmajonezas.lt svetain\u0117s informacij\u0105. Socialini\u0173 tinkl\u0173 slapukai ne\u012ftakoja navigacijos m\u016bs\u0173 svetain\u0117je.<\/p>\n\n\n\n<h4>Duomenys apie kaupiamus slapukus<\/h4>\n\n\n\n<figure id=\"cookie-table\" class=\"wp-block-table\"><table><tbody><tr><th>Slapukas<\/th><th>Tipas<\/th><th>galiojimo laikas<\/th><th>Paskirtis<\/th><th>Ar slapukas b\u016btinas<\/th><\/tr><tr><td>__utma, _ga, _gat, _gid<\/td><td>Analitiniai<\/td><td>Iki 1 met\u0173.<\/td><td>Slapukai naudojami statistinei informacijai apie interneto svetain\u0117s lankomum\u0105 rinkti.<\/td><td>Taip<\/td><\/tr><tr><td>PoPupViewed<\/td><td>Tiksliniai arba analitiniai<\/td><td>Iki 1 met\u0173.<\/td><td>Rodo reklamin\u012f skydel\u012f prisijungus prie puslapio<\/td><td>Ne<\/td><\/tr><tr><td>csrftoken<\/td><td>Funkcinis<\/td><td>1 metai.<\/td><td>Apsauga nuo CSRF (Cross-Site Request Forgery) atak\u0173.<\/td><td>Taip<\/td><\/tr><tr><td>django_language<\/td><td>Funkcinis<\/td><td>Iki nar\u0161ykl\u0117s lango u\u017edarymo<\/td><td>Atsimena kalb\u0105, kuri\u0105 pasirinko vartotojas<\/td><td>Ne<\/td><\/tr><tr><td>sessionid<\/td><td>Funkcinis<\/td><td>2 savait\u0117s.<\/td><td>U\u017ekoduotas prisijungimo sesijos identifikatorius. Reikalingas i\u0161laikyti vartotojo prisijungim\u0105, pirkimo krep\u0161elius.<\/td><td>Taip<\/td><\/tr><tr><td>agree-cookies<\/td><td>Funkcinis<\/td><td>Iki 1 met\u0173<\/td><td>Rodo prane\u0161im\u0105 puslapyje d\u0117l slapuk\u0173 \u012fra\u0161ymo patvirtinimo.<\/td><td>Taip<\/td><\/tr><\/tbody><\/table><\/figure>\n\n\n\n<h3 id=\"gdpr-contact\">KONTAKTIN\u0116 INFORMACIJA<\/h3>\n\n\n\n<p>Jei turite klausim\u0173 d\u0117l savo asmenini\u0173 duomen\u0173 tvarkymo, susisiekite su mumis adresu <a href=\"mailto:info@vmajonezas.lt\">info@vmajonezas.lt<\/a>, mes visuomet mielai Jums pad\u0117sime.<\/p>\n\n\n\n<h3>PRIVATUMO POLITIKOS PAKEITIMAI<\/h3>\n\n\n\n<p>Privatumo ir slapuk\u0173 politikos papildymai ar pakeitimai publikuojami vmajonezas.lt svetain\u0117je skyriuje: Privatumo ir slapuk\u0173 politika ir \u012fsigalioja nuo j\u0173 paskelbimo, t. y. nuo tos dienos, kai jie yra patalpinami svetain\u0117je.<br>Rekomenduojame periodi\u0161kai apsilankyti vmajonezas.lt svetain\u0117je ir susipa\u017einti su naujausia Privatumo ir slapuk\u0173 politikos versija.<br>Svetain\u0117s vmajonezas.lt privatumo ir slapuk\u0173 politika paskutin\u012f kart\u0105 buvo atnaujinta 2018-08-21.<\/p>\n","protected":false},"excerpt":{"rendered":"<p>M\u016aS\u0172 \u012eSIPAREIGOJIMAS APSAUGOTI J\u016aS\u0172 PRIVATUM\u0104 Asmens privatumo apsaugai teikiama ypatingai didel\u0117 reik\u0161m\u0117, tod\u0117l svarbu, kad J\u016bs \u017einotum\u0117te kada ir kokie duomenys renkami, kaupiami, saugomi bei kaip panaudojami, kai apsilankote vmajonezas.lt svetain\u0117je arba kitaip pateikiate mums savo asmens duomenis.Esame \u012fmon\u0117 registruota Lietuvos Respublikoje Vilniuje pavadinimu UAB \u201eVilniaus majonezo gamykla\u201c, \u012fm. kod. 226003190, V. A. Grai\u010di\u016bno g. [&hellip;]<\/p>\n","protected":false},"author":1,"featured_media":0,"parent":0,"menu_order":0,"comment_status":"closed","ping_status":"closed","template":"page-privatumo.php","meta":[],"_links":{"self":[{"href":"https:\/\/vmajonezas.lt\/en\/wp-json\/wp\/v2\/pages\/1518"}],"collection":[{"href":"https:\/\/vmajonezas.lt\/en\/wp-json\/wp\/v2\/pages"}],"about":[{"href":"https:\/\/vmajonezas.lt\/en\/wp-json\/wp\/v2\/types\/page"}],"author":[{"embeddable":true,"href":"https:\/\/vmajonezas.lt\/en\/wp-json\/wp\/v2\/users\/1"}],"replies":[{"embeddable":true,"href":"https:\/\/vmajonezas.lt\/en\/wp-json\/wp\/v2\/comments?post=1518"}],"version-history":[{"count":1,"href":"https:\/\/vmajonezas.lt\/en\/wp-json\/wp\/v2\/pages\/1518\/revisions"}],"predecessor-version":[{"id":1519,"href":"https:\/\/vmajonezas.lt\/en\/wp-json\/wp\/v2\/pages\/1518\/revisions\/1519"}],"wp:attachment":[{"href":"https:\/\/vmajonezas.lt\/en\/wp-json\/wp\/v2\/media?parent=1518"}],"curies":[{"name":"wp","href":"https:\/\/api.w.org\/{rel}","templated":true}]}}